{"id":215,"date":"2022-03-22T10:19:38","date_gmt":"2022-03-22T14:19:38","guid":{"rendered":"http:\/\/localhost\/?page_id=215"},"modified":"2022-10-25T14:24:48","modified_gmt":"2022-10-25T18:24:48","slug":"aspects-of-maya-spirituality-es","status":"publish","type":"page","link":"https:\/\/mayaspirituality.lasaweb.org\/es\/","title":{"rendered":"Espiritualidad Maya: Pinturas Ind\u00edgenas 1957 \u2013 2020"},"content":{"rendered":"<p>A lo largo de las \u00faltimas d\u00e9cadas, Joseph Johnston (<a href=\"http:\/\/www.artemaya.org\">artemaya.org<\/a>) y Rita Moran (<a href=\"https:\/\/www.mayawomeninart.org\/\">mayawomeninart.org<\/a>) han recopilado pinturas realizadas por artistas autodidactas Mayas Tz&#8217;utujil y Kaqchikel de los departamentos de Solol\u00e1 y Chimaltenango en Guatemala. Estas pinturas representan la vida cotidiana, las tradiciones y las luchas de las comunidades ind\u00edgenas mayas, y muchas de ellas retratan de forma sorprendente las tradiciones religiosas y curativas mayas. Son estas pinturas y objetos los que se incluyen en esta exposici\u00f3n, presentando la rica y complicada vida espiritual de los mayas contempor\u00e1neos.<\/p>\n<p>Rita y Joseph no s\u00f3lo han reunido dos colecciones incre\u00edbles y complementarias, sino que Joseph ha trabajado estrechamente con estos artistas mayas durante m\u00e1s de 30 a\u00f1os. Tambi\u00e9n ha realizado investigaciones acad\u00e9micas para situar estas obras en su contexto cultural adecuado. Al no ser maya, pidi\u00f3 a Ajpub&#8217; Pablo Garc\u00eda Ixmata, al que hab\u00eda conocido de adolescente, que le ayudara en el proyecto. En 1989, Ajpub&#8217; fue uno de los cinco mayas de diferentes grupos ling\u00fc\u00edsticos mayas a los que la destacada ling\u00fcista Nora Clearman England ense\u00f1\u00f3 a analizar sus lenguas. Ajpub&#8217; escribi\u00f3 el primer libro de gram\u00e1tica maya tz&#8217;utujil y trabaj\u00f3 en el primer diccionario espa\u00f1ol\/tz&#8217;utujil. Actualmente es director del prestigioso Proyecto Ling\u00fc\u00edstico Francisco Marroqu\u00edn en Antigua, Guatemala.<\/p>\n<p>Para esta exposici\u00f3n, Joseph escribi\u00f3 el borrador inicial de la mayor\u00eda de los largos textos que sirven de material de referencia para los cuadros. Ajpub\u2019 les hizo extensas correcciones y adiciones, y Rita se centr\u00f3 en la edici\u00f3n y la traducci\u00f3n. Su hijo, Paul Moran, colabor\u00f3 en las traducciones escritas. Otros colaboradores del grupo fueron el artista K&#8217;iche&#8217;Oscar Fernando Saquic Nix, y el k\u2019iche\u2019 ajq\u2019iij (gu\u00eda espiritual maya) Francisco Icala . El proyecto tard\u00f3 un a\u00f1o y medio en completarse.<\/p>\n<p>Adem\u00e1s de las breves descripciones en ingl\u00e9s y espa\u00f1ol de cada objeto de la muestra, un enlace a la documentaci\u00f3n contextual m\u00e1s extensa de cada obra de arte esta incluido.<\/p>\n<div class=\"citation\">Johnston, Joseph W., Ajpub&#8217; Pablo Garcia Ixmata, Rita Moran (trad.), and Paul Moran (trad.). \u00abEspiritualidad Maya: Pinturas Ind\u00edgenas 1957 \u2013 2020.\u00bb Latin American Studies Association (LASA), <a href=\"https:\/\/mayaspirituality.lasaweb.org\/\">https:\/\/mayaspirituality.lasaweb.org\/<\/a>.<\/div>\n","protected":false},"excerpt":{"rendered":"<p>A lo largo de las \u00faltimas d\u00e9cadas, Joseph Johnston (artemaya.org) y Rita Moran (mayawomeninart.org) han recopilado pinturas realizadas por artistas autodidactas Mayas Tz&#8217;utujil y Kaqchikel de los departamentos de Solol\u00e1 y Chimaltenango en Guatemala. Estas pinturas representan la vida cotidiana, las tradiciones y las luchas de las comunidades ind\u00edgenas mayas, y muchas de ellas retratan [&hellip;]<\/p>\n","protected":false},"author":2,"featured_media":0,"parent":0,"menu_order":7,"comment_status":"closed","ping_status":"closed","template":"","meta":{"footnotes":""},"class_list":["post-215","page","type-page","status-publish","hentry"],"acf":[],"_links":{"self":[{"href":"https:\/\/mayaspirituality.lasaweb.org\/es\/wp-json\/wp\/v2\/pages\/215","targetHints":{"allow":["GET"]}}],"collection":[{"href":"https:\/\/mayaspirituality.lasaweb.org\/es\/wp-json\/wp\/v2\/pages"}],"about":[{"href":"https:\/\/mayaspirituality.lasaweb.org\/es\/wp-json\/wp\/v2\/types\/page"}],"author":[{"embeddable":true,"href":"https:\/\/mayaspirituality.lasaweb.org\/es\/wp-json\/wp\/v2\/users\/2"}],"replies":[{"embeddable":true,"href":"https:\/\/mayaspirituality.lasaweb.org\/es\/wp-json\/wp\/v2\/comments?post=215"}],"version-history":[{"count":11,"href":"https:\/\/mayaspirituality.lasaweb.org\/es\/wp-json\/wp\/v2\/pages\/215\/revisions"}],"predecessor-version":[{"id":516,"href":"https:\/\/mayaspirituality.lasaweb.org\/es\/wp-json\/wp\/v2\/pages\/215\/revisions\/516"}],"wp:attachment":[{"href":"https:\/\/mayaspirituality.lasaweb.org\/es\/wp-json\/wp\/v2\/media?parent=215"}],"curies":[{"name":"wp","href":"https:\/\/api.w.org\/{rel}","templated":true}]}}