{"id":221,"date":"2022-03-22T10:20:19","date_gmt":"2022-03-22T14:20:19","guid":{"rendered":"http:\/\/localhost\/?page_id=221"},"modified":"2022-03-25T10:51:20","modified_gmt":"2022-03-25T14:51:20","slug":"los-maya-su-cultura-antiqua-duradera-vibrante","status":"publish","type":"page","link":"https:\/\/mayaspirituality.lasaweb.org\/es\/los-maya-su-cultura-antiqua-duradera-vibrante\/","title":{"rendered":"Los Maya: Su cultura antigua, duradera, y vibrante"},"content":{"rendered":"<p>Hoy en d\u00eda los mayas son conocidos en todo el mundo principalmente por sus majestuosos sitios arqueol\u00f3gicos del sur de M\u00e9xico y del norte de Am\u00e9rica Central, particularmente Guatemala. Pir\u00e1mides monumentales y otros edificios de piedra; elaboradas obras de arte en jade, oro, cobre y otros materiales; as\u00ed como grandes esculturas de piedra, un sofisticado sistema calend\u00e1rico y astron\u00f3mico y escritura jerogl\u00edfica\u2014todo da fe del avance cultural alcanzado por los antiguos mayas.<\/p>\n<p>Lo que es menos conocido es que hoy en d\u00eda hay m\u00e1s de 5 millones de personas en M\u00e9xico, Guatemala y Belice que hablan uno de aproximadamente 30 idiomas mayas diferentes. A pesar de la invasi\u00f3n espa\u00f1ola y 500 a\u00f1os de represi\u00f3n, los mayas han conservado intactos muchos elementos de su cultura, o los han mezclado con elementos de la cultura dominante. Al igual que sus antepasados, la mayor\u00eda de los mayas contempor\u00e1neos son agricultores que dependen del cultivo de ma\u00edz, frijol y calabaza. La vestimenta, especialmente para las mujeres, sigue siendo en gran parte tradicional, con blusas o huipiles distintivos de la comunidad en la que viven. Aunque hoy en d\u00eda la mayor\u00eda de los mayas se identifican como cat\u00f3licos o cristianos evang\u00e9licos, las creencias y tradiciones religiosas nativas persisten, a veces entretejidas con las del cristianismo.<\/p>\n<p>Los mayas que viven alrededor del Lago Atitl\u00e1n en el altiplano de Guatemala ejemplifican la vitalidad continua de esta cultura. La gente de cada pueblo alrededor del lago todav\u00eda habla idiomas mayas y mantiene sus propios estilos de vestimenta y tradiciones culturales, algo distintas. Algunos se identifican como Maya Tz&#8217;utujil, Maya Kaqchikel, o Maya K&#8217;iche&#8217;. Durante el conflicto interno guatemalteco (1960 &#8211; 1996), el gobierno de ese entonces consider\u00f3 a los mayas simpatizantes de las guerrillas insurrectas, y cometi\u00f3 numerosos abusos contra sus derechos humanos.<\/p>\n<p>Las pinturas y objetos contempor\u00e1neos de esta exhibici\u00f3n reflejan la calidad perdurable de la cultura maya, con un enfoque en la espiritualidad. Vemos la vestimenta tradicional que usan los mayas; entendemos c\u00f3mo el antiguo sistema calend\u00e1rico todav\u00eda influye las ceremonias de curaci\u00f3n; y muchas formas en que las creencias y tradiciones hist\u00f3ricas se han fusionado con las de la cultura dominante. Tambi\u00e9n vemos evidencia de cambios culturales contempor\u00e1neos y la escasa esperanza que ofrec\u00edan los Acuerdos de Paz de 1996.<\/p>\n","protected":false},"excerpt":{"rendered":"<p>Hoy en d\u00eda los mayas son conocidos en todo el mundo principalmente por sus majestuosos sitios arqueol\u00f3gicos del sur de M\u00e9xico y del norte de Am\u00e9rica Central, particularmente Guatemala. Pir\u00e1mides monumentales y otros edificios de piedra; elaboradas obras de arte en jade, oro, cobre y otros materiales; as\u00ed como grandes esculturas de piedra, un sofisticado [&hellip;]<\/p>\n","protected":false},"author":2,"featured_media":0,"parent":0,"menu_order":8,"comment_status":"closed","ping_status":"closed","template":"","meta":{"footnotes":""},"class_list":["post-221","page","type-page","status-publish","hentry"],"acf":[],"_links":{"self":[{"href":"https:\/\/mayaspirituality.lasaweb.org\/es\/wp-json\/wp\/v2\/pages\/221","targetHints":{"allow":["GET"]}}],"collection":[{"href":"https:\/\/mayaspirituality.lasaweb.org\/es\/wp-json\/wp\/v2\/pages"}],"about":[{"href":"https:\/\/mayaspirituality.lasaweb.org\/es\/wp-json\/wp\/v2\/types\/page"}],"author":[{"embeddable":true,"href":"https:\/\/mayaspirituality.lasaweb.org\/es\/wp-json\/wp\/v2\/users\/2"}],"replies":[{"embeddable":true,"href":"https:\/\/mayaspirituality.lasaweb.org\/es\/wp-json\/wp\/v2\/comments?post=221"}],"version-history":[{"count":2,"href":"https:\/\/mayaspirituality.lasaweb.org\/es\/wp-json\/wp\/v2\/pages\/221\/revisions"}],"predecessor-version":[{"id":248,"href":"https:\/\/mayaspirituality.lasaweb.org\/es\/wp-json\/wp\/v2\/pages\/221\/revisions\/248"}],"wp:attachment":[{"href":"https:\/\/mayaspirituality.lasaweb.org\/es\/wp-json\/wp\/v2\/media?parent=221"}],"curies":[{"name":"wp","href":"https:\/\/api.w.org\/{rel}","templated":true}]}}