{"id":249,"date":"2022-03-22T10:21:25","date_gmt":"2022-03-22T14:21:25","guid":{"rendered":"http:\/\/localhost\/?page_id=249"},"modified":"2022-03-30T10:07:19","modified_gmt":"2022-03-30T14:07:19","slug":"calendario-maya","status":"publish","type":"page","link":"https:\/\/mayaspirituality.lasaweb.org\/es\/calendario-maya\/","title":{"rendered":"El Calendario Maya"},"content":{"rendered":"<p>El calendario maya es un sistema mucho m\u00e1s complejo y ordenado que el calendario gregoriano. En Guatemala, desde los Acuerdos de Paz de 1996, un inter\u00e9s ha resurgido entre los mayas por su propio calendario y por la espiritualidad maya.\u00a0 El calendario maya se constituye de varios calendarios simult\u00e1neos: En los m\u00e1s conocidos est\u00e1n el calendario solar o <em>Aab\u2019 <\/em>que consiste en 365 d\u00edas, y el calendario <em>Cholq\u2019iij<\/em> que consiste en 260 d\u00edas.<\/p>\n<h3>Nombres de los D\u00edas, y Glifos del Calendario Maya<\/h3>\n<p>Cada d\u00eda del a\u00f1o en el calendario maya est\u00e1 compuesto de cuatro glifos, los cuales le otorgan a cada d\u00eda su nombre. Los primeros dos glifos provienen del calendario <em>Cholq\u2019iij<\/em> de 260 d\u00edas.\u00a0 Los dos \u00faltimos glifos pertenecen al calendario solar <em>Aab&#8217;<\/em> de 365 d\u00edas.\u00a0 Con este doble sistema de calendarios, cada d\u00eda adquiere un nombre especial que combina el <em>Cholq\u2019iij<\/em> y el <em>Aab&#8217;<\/em>, y el cual s\u00f3lo se repite cada cincuenta y dos a\u00f1os.<\/p>\n<div class=\"figure\"><img decoding=\"async\" class=\"alignnone size-full wp-image-149\" src=\"http:\/\/mayaspirituality.lasaweb.org\/wp-content\/uploads\/2022\/03\/figure-glyphs.png\" alt=\"Day Names and Glyphs of the Maya Calendar\" \/><\/div>\n<p>Los primeros dos s\u00edmbolos representan el d\u00eda en el calendario <em>Cholq\u2019iij<\/em>.\u00a0 El primer s\u00edmbolo es un n\u00famero, mientras que el segundo, un glifo, expresa el nombre del d\u00eda. Los n\u00fameros van del uno al trece, y se repiten. Tambi\u00e9n hay veinte nombres de d\u00edas que van seguidos y despu\u00e9s se repiten. La combinaci\u00f3n de trece n\u00fameros con veinte nombres para los d\u00edas produce el calendario de 260 d\u00edas. Cada n\u00famero se combina con cada nombre en alg\u00fan punto durante el ciclo de 260 d\u00edas.<\/p>\n<p>Los \u00faltimos dos s\u00edmbolos para cada d\u00eda expresan el d\u00eda en el <em>Aab&#8217;<\/em>, el calendario solar de 365 d\u00edas. El \u00faltimo glifo expresa el nombre del mes. El <em>Aab&#8217;<\/em> contiene dieciocho meses de veinte d\u00edas cada uno, para un total de 360 d\u00edas. Adicionalmente, existe un mes de cinco d\u00edas\u2014los cuales se consideran siniestros\u2014que establecen los 365 d\u00edas. El tercer s\u00edmbolo representa el n\u00famero del d\u00eda dentro del mes\u2014pero los d\u00edas no van del uno al veinte, sino del cero al diecinueve. El primer d\u00eda del mes, el cero, se define como el \u201casentamiento\u201d del mes y est\u00e1 representado por el glifo <em>chum<\/em>\u2014y no por el glifo \u201ccero\u201d.<\/p>\n<h3>Los N\u00fameros Mayas<\/h3>\n<div class=\"figure\"><img loading=\"lazy\" decoding=\"async\" width=\"1077\" height=\"564\" class=\"alignnone size-full wp-image-151\" src=\"http:\/\/mayaspirituality.lasaweb.org\/wp-content\/uploads\/2022\/03\/figure-numbers.png\" alt=\"The Maya Numbers\" srcset=\"https:\/\/mayaspirituality.lasaweb.org\/wp-content\/uploads\/2022\/03\/figure-numbers.png 1077w, https:\/\/mayaspirituality.lasaweb.org\/wp-content\/uploads\/2022\/03\/figure-numbers-300x157.png 300w, https:\/\/mayaspirituality.lasaweb.org\/wp-content\/uploads\/2022\/03\/figure-numbers-1024x536.png 1024w, https:\/\/mayaspirituality.lasaweb.org\/wp-content\/uploads\/2022\/03\/figure-numbers-150x79.png 150w, https:\/\/mayaspirituality.lasaweb.org\/wp-content\/uploads\/2022\/03\/figure-numbers-768x402.png 768w\" sizes=\"auto, (max-width: 1077px) 100vw, 1077px\" \/><\/div>\n<h3>The Months<\/h3>\n<p>Arriba: Versi\u00f3n Tz&#8217;utujiil del Maya Yucateco<br \/>\nCentral: Maya Yucateco<br \/>\nAbajo: Tz&#8217;utujiil Tradicional<\/p>\n<div class=\"figure\"><img loading=\"lazy\" decoding=\"async\" width=\"1077\" height=\"1201\" class=\"alignnone size-full wp-image-150\" src=\"http:\/\/mayaspirituality.lasaweb.org\/wp-content\/uploads\/2022\/03\/figure-months.png\" alt=\"The Months\" srcset=\"https:\/\/mayaspirituality.lasaweb.org\/wp-content\/uploads\/2022\/03\/figure-months.png 1077w, https:\/\/mayaspirituality.lasaweb.org\/wp-content\/uploads\/2022\/03\/figure-months-269x300.png 269w, https:\/\/mayaspirituality.lasaweb.org\/wp-content\/uploads\/2022\/03\/figure-months-918x1024.png 918w, https:\/\/mayaspirituality.lasaweb.org\/wp-content\/uploads\/2022\/03\/figure-months-135x150.png 135w, https:\/\/mayaspirituality.lasaweb.org\/wp-content\/uploads\/2022\/03\/figure-months-768x856.png 768w\" sizes=\"auto, (max-width: 1077px) 100vw, 1077px\" \/><\/div>\n<h3>Los Nombres de los D\u00edas Mayas<\/h3>\n<p>Arriba: Maya Tz&#8217;utujiil<br \/>\nAbajo: Maya Yucateco<\/p>\n<div class=\"figure\"><img loading=\"lazy\" decoding=\"async\" width=\"1077\" height=\"789\" class=\"alignnone size-full wp-image-148\" src=\"http:\/\/mayaspirituality.lasaweb.org\/wp-content\/uploads\/2022\/03\/figure-day-names.png\" alt=\"The Maya Day Names\" srcset=\"https:\/\/mayaspirituality.lasaweb.org\/wp-content\/uploads\/2022\/03\/figure-day-names.png 1077w, https:\/\/mayaspirituality.lasaweb.org\/wp-content\/uploads\/2022\/03\/figure-day-names-300x220.png 300w, https:\/\/mayaspirituality.lasaweb.org\/wp-content\/uploads\/2022\/03\/figure-day-names-1024x750.png 1024w, https:\/\/mayaspirituality.lasaweb.org\/wp-content\/uploads\/2022\/03\/figure-day-names-150x110.png 150w, https:\/\/mayaspirituality.lasaweb.org\/wp-content\/uploads\/2022\/03\/figure-day-names-768x563.png 768w\" sizes=\"auto, (max-width: 1077px) 100vw, 1077px\" \/><\/div>\n","protected":false},"excerpt":{"rendered":"<p>El calendario maya es un sistema mucho m\u00e1s complejo y ordenado que el calendario gregoriano. En Guatemala, desde los Acuerdos de Paz de 1996, un inter\u00e9s ha resurgido entre los mayas por su propio calendario y por la espiritualidad maya.\u00a0 El calendario maya se constituye de varios calendarios simult\u00e1neos: En los m\u00e1s conocidos est\u00e1n el [&hellip;]<\/p>\n","protected":false},"author":2,"featured_media":0,"parent":0,"menu_order":9,"comment_status":"closed","ping_status":"closed","template":"","meta":{"footnotes":""},"class_list":["post-249","page","type-page","status-publish","hentry"],"acf":[],"_links":{"self":[{"href":"https:\/\/mayaspirituality.lasaweb.org\/es\/wp-json\/wp\/v2\/pages\/249","targetHints":{"allow":["GET"]}}],"collection":[{"href":"https:\/\/mayaspirituality.lasaweb.org\/es\/wp-json\/wp\/v2\/pages"}],"about":[{"href":"https:\/\/mayaspirituality.lasaweb.org\/es\/wp-json\/wp\/v2\/types\/page"}],"author":[{"embeddable":true,"href":"https:\/\/mayaspirituality.lasaweb.org\/es\/wp-json\/wp\/v2\/users\/2"}],"replies":[{"embeddable":true,"href":"https:\/\/mayaspirituality.lasaweb.org\/es\/wp-json\/wp\/v2\/comments?post=249"}],"version-history":[{"count":3,"href":"https:\/\/mayaspirituality.lasaweb.org\/es\/wp-json\/wp\/v2\/pages\/249\/revisions"}],"predecessor-version":[{"id":486,"href":"https:\/\/mayaspirituality.lasaweb.org\/es\/wp-json\/wp\/v2\/pages\/249\/revisions\/486"}],"wp:attachment":[{"href":"https:\/\/mayaspirituality.lasaweb.org\/es\/wp-json\/wp\/v2\/media?parent=249"}],"curies":[{"name":"wp","href":"https:\/\/api.w.org\/{rel}","templated":true}]}}