{"id":254,"date":"2022-03-22T10:23:49","date_gmt":"2022-03-22T14:23:49","guid":{"rendered":"http:\/\/localhost\/?page_id=254"},"modified":"2022-03-28T10:08:23","modified_gmt":"2022-03-28T14:08:23","slug":"cofradias","status":"publish","type":"page","link":"https:\/\/mayaspirituality.lasaweb.org\/es\/cofradias\/","title":{"rendered":"Las Cofrad\u00edas"},"content":{"rendered":"<p>Los sacerdotes espa\u00f1oles introdujeron las cofrad\u00edas, hermandades religiosas, en Guatemala en el siglo XVI.\u00a0 R\u00e1pidamente se han convertido en un elemento central en la organizaci\u00f3n de la Iglesia Cat\u00f3lica y la cultura maya. Cada cofrad\u00eda est\u00e1 dedicada a un santo patr\u00f3n en particular. El servicio en una cofrad\u00eda es el medio para que un hombre y su familia demuestren su val\u00eda ante el pueblo y los dioses. Aunque las cofrad\u00edas empezaron con una funci\u00f3n originalmente religiosa, el gobierno de los pueblos eventualmente tambi\u00e9n se incorpor\u00f3 al sistema de cofrad\u00eda. Se esperaba que una vez cada cuatro a\u00f1os, los hombres dedicaran todo o parte de su tiempo al servicio p\u00fablico o religioso dentro de ese sistema. Los cargos u oficios, que duraban un a\u00f1o, se alternaban entre la iglesia y el gobierno municipal del pueblo.<\/p>\n<p>Durante el a\u00f1o de servicio de un hombre a la comunidad, sus responsabilidades normales estar\u00edan a cargo de otros miembros de la familia. Las mujeres no solo ayudaban con esas responsabilidades normales, sino que tambi\u00e9n brindaban asistencia esencial a los deberes que asum\u00edan los hombres mientras ocupaban los cargos en las cofrad\u00edas. Con el pasar del tiempo, un hombre podr\u00eda ocupar puestos de mayor importancia, y con estos puestos obtuvo un mayor respeto por parte de la comunidad. Si una persona ganaba el t\u00edtulo de <em>principale<\/em> al final de su vida, la gente le besaba las manos como muestra de respeto.<\/p>\n","protected":false},"excerpt":{"rendered":"<p>Los sacerdotes espa\u00f1oles introdujeron las cofrad\u00edas, hermandades religiosas, en Guatemala en el siglo XVI.\u00a0 R\u00e1pidamente se han convertido en un elemento central en la organizaci\u00f3n de la Iglesia Cat\u00f3lica y la cultura maya. Cada cofrad\u00eda est\u00e1 dedicada a un santo patr\u00f3n en particular. El servicio en una cofrad\u00eda es el medio para que un hombre [&hellip;]<\/p>\n","protected":false},"author":2,"featured_media":0,"parent":0,"menu_order":11,"comment_status":"closed","ping_status":"closed","template":"","meta":{"footnotes":""},"class_list":["post-254","page","type-page","status-publish","hentry"],"acf":[],"_links":{"self":[{"href":"https:\/\/mayaspirituality.lasaweb.org\/es\/wp-json\/wp\/v2\/pages\/254","targetHints":{"allow":["GET"]}}],"collection":[{"href":"https:\/\/mayaspirituality.lasaweb.org\/es\/wp-json\/wp\/v2\/pages"}],"about":[{"href":"https:\/\/mayaspirituality.lasaweb.org\/es\/wp-json\/wp\/v2\/types\/page"}],"author":[{"embeddable":true,"href":"https:\/\/mayaspirituality.lasaweb.org\/es\/wp-json\/wp\/v2\/users\/2"}],"replies":[{"embeddable":true,"href":"https:\/\/mayaspirituality.lasaweb.org\/es\/wp-json\/wp\/v2\/comments?post=254"}],"version-history":[{"count":2,"href":"https:\/\/mayaspirituality.lasaweb.org\/es\/wp-json\/wp\/v2\/pages\/254\/revisions"}],"predecessor-version":[{"id":452,"href":"https:\/\/mayaspirituality.lasaweb.org\/es\/wp-json\/wp\/v2\/pages\/254\/revisions\/452"}],"wp:attachment":[{"href":"https:\/\/mayaspirituality.lasaweb.org\/es\/wp-json\/wp\/v2\/media?parent=254"}],"curies":[{"name":"wp","href":"https:\/\/api.w.org\/{rel}","templated":true}]}}